{"id":356,"date":"2020-02-14T16:23:10","date_gmt":"2020-02-14T15:23:10","guid":{"rendered":"https:\/\/centrofisioterapialuciagrana.com\/?page_id=356"},"modified":"2020-02-14T16:23:39","modified_gmt":"2020-02-14T15:23:39","slug":"politica-de-cookies","status":"publish","type":"page","link":"https:\/\/centrofisioterapialuciagrana.com\/?page_id=356","title":{"rendered":"Pol\u00edtica de Cookies"},"content":{"rendered":"<p>[et_pb_section fb_built=\u00bb1&#8243; admin_label=\u00bbsection\u00bb _builder_version=\u00bb3.22&#8243;][et_pb_row admin_label=\u00bbrow\u00bb _builder_version=\u00bb3.25&#8243; background_size=\u00bbinitial\u00bb background_position=\u00bbtop_left\u00bb background_repeat=\u00bbrepeat\u00bb][et_pb_column type=\u00bb4_4&#8243; _builder_version=\u00bb3.25&#8243; custom_padding=\u00bb|||\u00bb custom_padding__hover=\u00bb|||\u00bb][et_pb_text _builder_version=\u00bb4.3.2&#8243;]<\/p>\n<h1><strong>POLITICA DE COOKIES<\/strong><\/h1>\n<p>Una cookie es un fichero que se descarga en tu ordenador, Tablet, m\u00f3vil y otro terminal (en adelante, equipo) cuando accedes a nuestra web o ejecutas nuestra aplicaci\u00f3n. Las cookies nos permiten almacenar y recuperar informaci\u00f3n sobre tus h\u00e1bitos de navegaci\u00f3n o del equipo desde donde accedes en general de forma an\u00f3nima y dependiendo de la informaci\u00f3n que contengan, si estas registrado previamente, para reconocerte como usuario\/a o cliente.<\/p>\n<p>La informaci\u00f3n que obtienen est\u00e1 relacionada con el n\u00famero de p\u00e1ginas que visitas, el lugar desde el que accedes, el n\u00famero de nuevos usuarios, la frecuencia y reincidencia de las visitas, el tiempo que dura tu visita, el navegador o el equipo desde el que realizas la visita o ejecutas la aplicaci\u00f3n.<\/p>\n<p>&nbsp;<\/p>\n<p>Centro Fisioterapia Luc\u00eda Gra\u00f1a se reserva el derecho de utilizar la tecnolog\u00eda \u201ccookie\u201d en\u00a0 centrofisioterapialuciagrana.com, a fin de reconocerlo como Usuario\/a frecuente y personalizar el uso que realice en nuestra web.<\/p>\n<p>Gracias a las cookies, resulta posible que nuestra web reconozca el navegador el ordenador utilizado por el Usuario\/a con la finalidad de facilitar contenidos y ofrecer las preferencias de navegaci\u00f3n o publicitarias del Usuario\/a.<\/p>\n<p><strong><u>TIPOS DE COOKIES UTILIZADAS<\/u><\/strong><\/p>\n<ul>\n<li>Cookies propias:<\/li>\n<\/ul>\n<p>Son estrictamente necesarias, sirven para controlar tu sesi\u00f3n de usuario, preferencias y dem\u00e1s detalles de funcionamiento de la web. El sitio Web no funcionar\u00e1 correctamente o no tendr\u00e1s acceso al mismo si no permites al menos estas cookies<\/p>\n<ul>\n<li>Cookies anal\u00edticas:<\/li>\n<\/ul>\n<p>Estas cookies nos permiten cuantificar el n\u00famero de visitas y el uso que hacen los usuarios de nuestra aplicaci\u00f3n con la finalidad de hacer una medici\u00f3n y an\u00e1lisis estad\u00edstico de utilizaci\u00f3n para corregir las deficiencias que detectemos y facilitar el uso de nuestra web o aplicaci\u00f3n<\/p>\n<ul>\n<li>Cookies de publicidad:<\/li>\n<\/ul>\n<p>Al visitar las p\u00e1ginas web, abrir emails o ejecutar una aplicaci\u00f3n donde publicamos anuncios de nuestros productos o servicios, para realizar un control y seguimiento de la eficacia de la publicidad se instalan en tu navegador o equipo cookies que nos sirven para medir, por ejemplo, el n\u00famero de veces que son vistos los anuncios, donde aparecen, a qu\u00e9 hora se ven, desde donde o si los has visto anteriormente.<\/p>\n<ul>\n<li>Cookies de publicidad comportamental:<\/li>\n<\/ul>\n<p>Son un tipo de cookies publicitarias que se emplean para almacenar y recuperar informaci\u00f3n del comportamiento de los usuarios obtenida a trav\u00e9s de la observaci\u00f3n continuada de sus h\u00e1bitos de navegaci\u00f3n, lo que permite desarrollar un perfil espec\u00edfico para mostrarte publicidad en funci\u00f3n del mismo.<\/p>\n<ul>\n<li>Cookies persistentes:<\/li>\n<\/ul>\n<p>Son aquellas que siguen almacenadas en tu equipo durante un periodo de tiempo superior, que puede ser desde unos minutos a varios a\u00f1os.<\/p>\n<ul>\n<li>Cookies de sesi\u00f3n:<\/li>\n<\/ul>\n<p>Estas cookies caducan al salir de nuestra web o cerrar la aplicaci\u00f3n.<\/p>\n<ul>\n<li>Cookies de terceros:<\/li>\n<\/ul>\n<p>Son aqu\u00e9llas que se env\u00edan a tu equipo desde un equipo o dominio que no es<\/p>\n<p>gestionado por nosotros, sino por otra entidad que trata los datos obtenidos trav\u00e9s de las cookies.<\/p>\n<p><strong><u>AUTORIZACI\u00d3N, REVOCACI\u00d3N Y ELIMINACI\u00d3N DE COOKIES<\/u><\/strong><\/p>\n<p>Si lo deseas puedes permitir, bloquear o eliminar las cookies instaladas en tu equipo mediante la configuraci\u00f3n de las opciones del navegador instalado en tu ordenador o desde las opciones de privacidad del equipo desde el que nos vistas, en caso que no permitas la instalaci\u00f3n de cookies en su navegador es posible que no puedas acceder a alguna de las secciones de nuestra web.<\/p>\n<p>Por ejemplo, puedes encontrar informaci\u00f3n sobre c\u00f3mo hacerlo en el caso que uses como navegador:<\/p>\n<ul>\n<li>Firefox desde http:\/\/support.mozilla.org\/es\/kb\/habilitar-y-deshabilitar-cookies-que-los-sitios-web<\/li>\n<li>Chrome desde http:\/\/support.google.com\/chrome\/bin\/answer.py?hl=es&amp;answer=95647<\/li>\n<li>Explorer desde http:\/\/windows.microsoft.com\/es-es\/windows7\/how-to-manage-cookies-in-internetexplorer-9<\/li>\n<li>Safari desde http:\/\/support.apple.com\/kb\/ph5042<\/li>\n<li>Opera desde http:\/\/help.opera.com\/Windows\/11.50\/es-ES\/cookies.html<\/li>\n<\/ul>\n<p>Si lo deseas puedes ver los videos desarrollados por la Agencia Espa\u00f1ola de Protecci\u00f3n de Datos con la finalidad de explicar c\u00f3mo configurar las opciones de privacidad desde diferentes plataformas y equipos:<\/p>\n<p><a href=\"http:\/\/www.agpd.es\/portalwebAGPD\/CanalDelCiudadano\/protegetuprivacidad\/index-ides-idphp.php\">http:\/\/www.agpd.es\/portalwebAGPD\/CanalDelCiudadano\/protegetuprivacidad\/index-ides-idphp.php<\/a><\/p>\n<p>[\/et_pb_text][\/et_pb_column][\/et_pb_row][\/et_pb_section]<\/p>\n","protected":false},"excerpt":{"rendered":"<p>[et_pb_section fb_built=\u00bb1&#8243; admin_label=\u00bbsection\u00bb _builder_version=\u00bb3.22&#8243;][et_pb_row admin_label=\u00bbrow\u00bb _builder_version=\u00bb3.25&#8243; background_size=\u00bbinitial\u00bb background_position=\u00bbtop_left\u00bb background_repeat=\u00bbrepeat\u00bb][et_pb_column type=\u00bb4_4&#8243; _builder_version=\u00bb3.25&#8243; custom_padding=\u00bb|||\u00bb custom_padding__hover=\u00bb|||\u00bb][et_pb_text _builder_version=\u00bb4.3.2&#8243;] POLITICA DE COOKIES Una cookie es un fichero que se descarga en tu ordenador, Tablet, m\u00f3vil y otro terminal (en adelante, equipo) cuando accedes a nuestra web o ejecutas nuestra aplicaci\u00f3n. Las cookies nos permiten almacenar y recuperar informaci\u00f3n sobre tus [&hellip;]<\/p>\n","protected":false},"author":1,"featured_media":0,"parent":0,"menu_order":0,"comment_status":"closed","ping_status":"closed","template":"","meta":{"_et_pb_use_builder":"on","_et_pb_old_content":"","_et_gb_content_width":"","footnotes":""},"class_list":["post-356","page","type-page","status-publish","hentry"],"_links":{"self":[{"href":"https:\/\/centrofisioterapialuciagrana.com\/index.php?rest_route=\/wp\/v2\/pages\/356","targetHints":{"allow":["GET"]}}],"collection":[{"href":"https:\/\/centrofisioterapialuciagrana.com\/index.php?rest_route=\/wp\/v2\/pages"}],"about":[{"href":"https:\/\/centrofisioterapialuciagrana.com\/index.php?rest_route=\/wp\/v2\/types\/page"}],"author":[{"embeddable":true,"href":"https:\/\/centrofisioterapialuciagrana.com\/index.php?rest_route=\/wp\/v2\/users\/1"}],"replies":[{"embeddable":true,"href":"https:\/\/centrofisioterapialuciagrana.com\/index.php?rest_route=%2Fwp%2Fv2%2Fcomments&post=356"}],"version-history":[{"count":0,"href":"https:\/\/centrofisioterapialuciagrana.com\/index.php?rest_route=\/wp\/v2\/pages\/356\/revisions"}],"wp:attachment":[{"href":"https:\/\/centrofisioterapialuciagrana.com\/index.php?rest_route=%2Fwp%2Fv2%2Fmedia&parent=356"}],"curies":[{"name":"wp","href":"https:\/\/api.w.org\/{rel}","templated":true}]}}