{"id":68,"date":"2019-12-02T14:07:13","date_gmt":"2019-12-02T13:07:13","guid":{"rendered":"https:\/\/centrofisioterapialuciagrana.com\/?page_id=68"},"modified":"2020-02-14T16:28:06","modified_gmt":"2020-02-14T15:28:06","slug":"filosofia","status":"publish","type":"page","link":"https:\/\/centrofisioterapialuciagrana.com\/?page_id=68","title":{"rendered":"Filosof\u00eda"},"content":{"rendered":"<p>[et_pb_section fb_built=\u00bb1&#8243; custom_padding_last_edited=\u00bboff|desktop\u00bb admin_label=\u00bbHeader\u00bb _builder_version=\u00bb4.0.5&#8243; background_color=\u00bb#2a2e40&#8243; use_background_color_gradient=\u00bbon\u00bb background_color_gradient_start=\u00bbrgba(42,46,64,0)\u00bb background_color_gradient_end=\u00bb#2a2e40&#8243; background_color_gradient_type=\u00bbradial\u00bb background_color_gradient_end_position=\u00bb70%\u00bb background_color_gradient_overlays_image=\u00bbon\u00bb background_image=\u00bbhttps:\/\/centrofisioterapialuciagrana.com\/wp-content\/uploads\/2019\/12\/fondo-web21.jpg\u00bb custom_padding=\u00bb||0px\u00bb custom_padding_tablet=\u00bb0vw||\u00bb custom_padding_phone=\u00bb0vw||\u00bb][et_pb_row _builder_version=\u00bb4.0.5&#8243; module_alignment=\u00bbleft\u00bb custom_padding=\u00bb0|0px|0|0px|true|false\u00bb][et_pb_column type=\u00bb4_4&#8243; _builder_version=\u00bb3.25&#8243; custom_padding=\u00bb|||\u00bb custom_padding__hover=\u00bb|||\u00bb][et_pb_divider color=\u00bbrgba(255,255,255,0.31)\u00bb divider_style=\u00bbdashed\u00bb _builder_version=\u00bb4.0.5&#8243;][\/et_pb_divider][\/et_pb_column][\/et_pb_row][et_pb_row custom_padding_last_edited=\u00bbon|tablet\u00bb _builder_version=\u00bb3.25&#8243; max_width=\u00bb80%\u00bb custom_margin=\u00bb||\u00bb custom_padding=\u00bb||0||false|false\u00bb custom_padding_tablet=\u00bb||40px|0%\u00bb custom_padding_phone=\u00bb\u00bb use_custom_width=\u00bbon\u00bb width_unit=\u00bboff\u00bb][et_pb_column type=\u00bb4_4&#8243; _builder_version=\u00bb3.25&#8243; custom_padding=\u00bb|||\u00bb custom_padding__hover=\u00bb|||\u00bb][et_pb_text _builder_version=\u00bb4.0.5&#8243; text_font=\u00bb||||||||\u00bb header_font=\u00bbOswald|300||on|||||\u00bb header_font_size=\u00bb4vw\u00bb header_letter_spacing=\u00bb0.35em\u00bb header_line_height=\u00bb1.2em\u00bb header_2_font=\u00bb||||||||\u00bb header_3_font=\u00bbOswald|||on|||||\u00bb header_3_font_size=\u00bb12px\u00bb header_3_letter_spacing=\u00bb1.5em\u00bb header_3_line_height=\u00bb2.4em\u00bb background_layout=\u00bbdark\u00bb max_width=\u00bb80%\u00bb animation_style=\u00bbslide\u00bb animation_direction=\u00bbright\u00bb animation_duration=\u00bb2000ms\u00bb animation_intensity_slide=\u00bb2%\u00bb header_font_size_tablet=\u00bb40px\u00bb header_font_size_phone=\u00bb30px\u00bb header_font_size_last_edited=\u00bbon|phone\u00bb header_letter_spacing_tablet=\u00bb10px\u00bb header_letter_spacing_phone=\u00bb7px\u00bb header_letter_spacing_last_edited=\u00bboff|desktop\u00bb header_line_height_tablet=\u00bb1.5em\u00bb header_line_height_phone=\u00bb1.5em\u00bb header_line_height_last_edited=\u00bbon|phone\u00bb header_3_font_size_tablet=\u00bb10px\u00bb header_3_font_size_phone=\u00bb10px\u00bb header_3_font_size_last_edited=\u00bbon|desktop\u00bb header_3_letter_spacing_tablet=\u00bb\u00bb header_3_letter_spacing_phone=\u00bb3px\u00bb header_3_letter_spacing_last_edited=\u00bbon|phone\u00bb]<\/p>\n<h3>\u00a0<\/h3>\n<h1>Nuestra Filosof\u00eda<\/h1>\n<p>[\/et_pb_text][et_pb_button button_url=\u00bbhttps:\/\/centrofisioterapialuciagrana.com\/nuestro-centro\/\u00bb button_text=\u00bbCentro Fisioterapia Lucia Gra\u00f1a\u00bb _builder_version=\u00bb4.0.5&#8243; custom_button=\u00bbon\u00bb button_text_size=\u00bb16px\u00bb button_text_color=\u00bb#ffffff\u00bb button_bg_color=\u00bbrgba(0,0,0,0)\u00bb button_border_width=\u00bb0px\u00bb button_border_radius=\u00bb0px\u00bb button_letter_spacing=\u00bb5px\u00bb button_font=\u00bbOswald|500||on|||||\u00bb button_use_icon=\u00bboff\u00bb custom_margin=\u00bb||\u00bb custom_padding=\u00bb15px||15px||true\u00bb box_shadow_style=\u00bbpreset4&#8243; box_shadow_horizontal=\u00bb0px\u00bb box_shadow_vertical=\u00bb2px\u00bb box_shadow_color=\u00bb#fa2a20&#8243; button_bg_color__hover=\u00bb#ffffff\u00bb button_border_width__hover=\u00bb2px\u00bb button_text_color__hover=\u00bb#000000&#8243; button_border_color__hover=\u00bb#ffffff\u00bb box_shadow_vertical__hover_enabled=\u00bbon\u00bb box_shadow_vertical__hover=\u00bb8px\u00bb][\/et_pb_button][\/et_pb_column][\/et_pb_row][\/et_pb_section][et_pb_section fb_built=\u00bb1&#8243; admin_label=\u00bbContact Info\u00bb _builder_version=\u00bb4.0.5&#8243;][et_pb_row column_structure=\u00bb3_5,2_5&#8243; _builder_version=\u00bb3.25&#8243;][et_pb_column type=\u00bb3_5&#8243; _builder_version=\u00bb3.25&#8243; custom_padding=\u00bb|||\u00bb custom_padding__hover=\u00bb|||\u00bb][et_pb_text _builder_version=\u00bb4.3.2&#8243; text_font=\u00bb||||||||\u00bb text_line_height=\u00bb2em\u00bb header_font=\u00bb||||||||\u00bb header_2_font=\u00bb||||||||\u00bb header_3_font=\u00bbOswald|||on|||||\u00bb header_3_font_size=\u00bb26px\u00bb header_3_letter_spacing=\u00bb3px\u00bb header_3_line_height=\u00bb1.8em\u00bb header_4_font=\u00bb||||||||\u00bb header_5_font=\u00bb||||||||\u00bb header_6_font=\u00bb||||||||\u00bb hover_enabled=\u00bb0&#8243; header_3_font_size_tablet=\u00bb\u00bb header_3_font_size_phone=\u00bb20px\u00bb header_3_font_size_last_edited=\u00bbon|phone\u00bb locked=\u00bboff\u00bb text_line_height__hover=\u00bb1.7em\u00bb text_line_height__hover_enabled=\u00bb1.7em\u00bb text_font_size__hover=\u00bb14px\u00bb text_font_size__hover_enabled=\u00bb14px\u00bb text_letter_spacing__hover=\u00bb0px\u00bb text_letter_spacing__hover_enabled=\u00bb0px\u00bb text_text_shadow_style__hover=\u00bbnone\u00bb text_text_shadow_style__hover_enabled=\u00bbnone\u00bb text_text_shadow_color__hover=\u00bbrgba(0,0,0,0.4)\u00bb text_text_shadow_color__hover_enabled=\u00bbrgba(0,0,0,0.4)\u00bb link_font_size__hover=\u00bb14px\u00bb link_font_size__hover_enabled=\u00bb14px\u00bb link_letter_spacing__hover=\u00bb0px\u00bb link_letter_spacing__hover_enabled=\u00bb0px\u00bb link_line_height__hover=\u00bb1em\u00bb link_line_height__hover_enabled=\u00bb1em\u00bb link_text_shadow_style__hover=\u00bbnone\u00bb link_text_shadow_style__hover_enabled=\u00bbnone\u00bb link_text_shadow_color__hover=\u00bbrgba(0,0,0,0.4)\u00bb link_text_shadow_color__hover_enabled=\u00bbrgba(0,0,0,0.4)\u00bb ul_font_size__hover=\u00bb14px\u00bb ul_font_size__hover_enabled=\u00bb14px\u00bb ul_letter_spacing__hover=\u00bb0px\u00bb ul_letter_spacing__hover_enabled=\u00bb0px\u00bb ul_line_height__hover=\u00bb1em\u00bb ul_line_height__hover_enabled=\u00bb1em\u00bb ul_text_shadow_style__hover=\u00bbnone\u00bb ul_text_shadow_style__hover_enabled=\u00bbnone\u00bb ul_text_shadow_color__hover=\u00bbrgba(0,0,0,0.4)\u00bb ul_text_shadow_color__hover_enabled=\u00bbrgba(0,0,0,0.4)\u00bb ol_font_size__hover=\u00bb14px\u00bb ol_font_size__hover_enabled=\u00bb14px\u00bb ol_letter_spacing__hover=\u00bb0px\u00bb ol_letter_spacing__hover_enabled=\u00bb0px\u00bb ol_line_height__hover=\u00bb1em\u00bb ol_line_height__hover_enabled=\u00bb1em\u00bb ol_text_shadow_style__hover=\u00bbnone\u00bb ol_text_shadow_style__hover_enabled=\u00bbnone\u00bb ol_text_shadow_color__hover=\u00bbrgba(0,0,0,0.4)\u00bb ol_text_shadow_color__hover_enabled=\u00bbrgba(0,0,0,0.4)\u00bb quote_font_size__hover=\u00bb14px\u00bb quote_font_size__hover_enabled=\u00bb14px\u00bb quote_letter_spacing__hover=\u00bb0px\u00bb quote_letter_spacing__hover_enabled=\u00bb0px\u00bb quote_line_height__hover=\u00bb1em\u00bb quote_line_height__hover_enabled=\u00bb1em\u00bb quote_text_shadow_style__hover=\u00bbnone\u00bb quote_text_shadow_style__hover_enabled=\u00bbnone\u00bb quote_text_shadow_color__hover=\u00bbrgba(0,0,0,0.4)\u00bb quote_text_shadow_color__hover_enabled=\u00bbrgba(0,0,0,0.4)\u00bb header_5_font_size__hover=\u00bb16px\u00bb header_5_font_size__hover_enabled=\u00bb16px\u00bb header_5_letter_spacing__hover=\u00bb0px\u00bb header_5_letter_spacing__hover_enabled=\u00bb0px\u00bb header_5_line_height__hover=\u00bb1em\u00bb header_5_line_height__hover_enabled=\u00bb1em\u00bb header_5_text_shadow_style__hover=\u00bbnone\u00bb header_5_text_shadow_style__hover_enabled=\u00bbnone\u00bb header_5_text_shadow_color__hover=\u00bbrgba(0,0,0,0.4)\u00bb header_5_text_shadow_color__hover_enabled=\u00bbrgba(0,0,0,0.4)\u00bb text_orientation__hover=\u00bbleft\u00bb text_orientation__hover_enabled=\u00bbleft\u00bb background_layout__hover=\u00bblight\u00bb background_layout__hover_enabled=\u00bblight\u00bb box_shadow_style__hover=\u00bbnone\u00bb box_shadow_style__hover_enabled=\u00bbnone\u00bb box_shadow_color__hover=\u00bbrgba(0,0,0,0.3)\u00bb box_shadow_color__hover_enabled=\u00bbrgba(0,0,0,0.3)\u00bb]<\/p>\n<p>El trabajo duro, la cercan\u00eda,la empat\u00eda, la honestidad y la pasi\u00f3n, es la base de nuestro trabajo \u201cEl buen hacer\u201d.<\/p>\n<p><strong>Trabajo duro<\/strong>: Nuestra mejor herramienta son nuestras manos, con ellas proporcionamos los tratamientos necesarios para que el proceso de curaci\u00f3n sea el m\u00ednimo.<\/p>\n<p><strong>La cercan\u00eda<\/strong>: Nos implicamos con cada paciente intentando que se sientan tan c\u00f3modos como en su casa y que conf\u00eden en nosotros como un familiar o un amigo.<\/p>\n<p><strong>La empat\u00eda<\/strong>: cualidad indispensable en nuestra profesi\u00f3n. Posicionarse en el lugar de nuestros pacientes es primordial, percibiendo, compartiendo y deduciendo sentimientos, pensamientos y emociones que nos trasmiten al tocarles con nuestras manos y que nos ser\u00e1 de gran ayuda para el tratamiento.<\/p>\n<p><strong>Pasi\u00f3n<\/strong>: Nos encanta nuestro trabajo y lo desempe\u00f1amos poni\u00e9ndole todo nuestro sentimiento y saber hacer y eso se ve reflejado en lo que hacemos.<\/p>\n<p>[\/et_pb_text][\/et_pb_column][et_pb_column type=\u00bb2_5&#8243; _builder_version=\u00bb3.25&#8243; custom_padding=\u00bb|||\u00bb custom_padding__hover=\u00bb|||\u00bb][et_pb_image src=\u00bbhttps:\/\/centrofisioterapialuciagrana.com\/wp-content\/uploads\/2019\/12\/buda-centro.jpg\u00bb _builder_version=\u00bb4.0.5&#8243;][\/et_pb_image][\/et_pb_column][\/et_pb_row][et_pb_row use_custom_gutter=\u00bbon\u00bb gutter_width=\u00bb1&#8243; _builder_version=\u00bb4.2.2&#8243; width=\u00bb100%\u00bb min_height=\u00bb3px\u00bb max_height=\u00bb3px\u00bb][et_pb_column type=\u00bb4_4&#8243; _builder_version=\u00bb4.2.2&#8243;][et_pb_divider _builder_version=\u00bb4.2.2&#8243; background_color=\u00bbrgba(181,126,0,0.27)\u00bb custom_margin=\u00bb1px||0px||false|false\u00bb][\/et_pb_divider][\/et_pb_column][\/et_pb_row][et_pb_row column_structure=\u00bb1_4,1_4,1_2&#8243; use_custom_gutter=\u00bbon\u00bb make_equal=\u00bbon\u00bb _builder_version=\u00bb4.2.2&#8243; width=\u00bb100%\u00bb min_height=\u00bb600px\u00bb max_height=\u00bb600px\u00bb custom_margin=\u00bb||||false|false\u00bb][et_pb_column type=\u00bb1_4&#8243; _builder_version=\u00bb4.0.5&#8243;][et_pb_image src=\u00bbhttps:\/\/centrofisioterapialuciagrana.com\/wp-content\/uploads\/2019\/12\/tratamientos.jpg\u00bb align=\u00bbcenter\u00bb _builder_version=\u00bb4.2.2&#8243; min_height=\u00bb560px\u00bb max_height=\u00bb800px\u00bb][\/et_pb_image][\/et_pb_column][et_pb_column type=\u00bb1_4&#8243; _builder_version=\u00bb4.0.5&#8243;][et_pb_image src=\u00bbhttps:\/\/centrofisioterapialuciagrana.com\/wp-content\/uploads\/2019\/12\/aparatologia-01.jpg\u00bb align=\u00bbcenter\u00bb _builder_version=\u00bb4.2.2&#8243; min_height=\u00bb560px\u00bb][\/et_pb_image][\/et_pb_column][et_pb_column type=\u00bb1_2&#8243; _builder_version=\u00bb4.0.5&#8243;][et_pb_image src=\u00bbhttps:\/\/centrofisioterapialuciagrana.com\/wp-content\/uploads\/2019\/12\/centro-fisioterapia.jpg\u00bb align=\u00bbcenter\u00bb _builder_version=\u00bb4.2.2&#8243; min_height=\u00bb560px\u00bb][\/et_pb_image][\/et_pb_column][\/et_pb_row][\/et_pb_section][et_pb_section fb_built=\u00bb1&#8243; fullwidth=\u00bbon\u00bb _builder_version=\u00bb4.2.2&#8243;][et_pb_fullwidth_image src=\u00bbhttps:\/\/centrofisioterapialuciagrana.com\/wp-content\/uploads\/2020\/01\/maternidad.jpg\u00bb _builder_version=\u00bb4.2.2&#8243;][\/et_pb_fullwidth_image][\/et_pb_section]<\/p>\n","protected":false},"excerpt":{"rendered":"<p>[et_pb_section fb_built=\u00bb1&#8243; custom_padding_last_edited=\u00bboff|desktop\u00bb admin_label=\u00bbHeader\u00bb _builder_version=\u00bb4.0.5&#8243; background_color=\u00bb#2a2e40&#8243; use_background_color_gradient=\u00bbon\u00bb background_color_gradient_start=\u00bbrgba(42,46,64,0)\u00bb background_color_gradient_end=\u00bb#2a2e40&#8243; background_color_gradient_type=\u00bbradial\u00bb background_color_gradient_end_position=\u00bb70%\u00bb background_color_gradient_overlays_image=\u00bbon\u00bb background_image=\u00bbhttps:\/\/centrofisioterapialuciagrana.com\/wp-content\/uploads\/2019\/12\/fondo-web21.jpg\u00bb custom_padding=\u00bb||0px\u00bb custom_padding_tablet=\u00bb0vw||\u00bb custom_padding_phone=\u00bb0vw||\u00bb][et_pb_row _builder_version=\u00bb4.0.5&#8243; module_alignment=\u00bbleft\u00bb custom_padding=\u00bb0|0px|0|0px|true|false\u00bb][et_pb_column type=\u00bb4_4&#8243; _builder_version=\u00bb3.25&#8243; custom_padding=\u00bb|||\u00bb custom_padding__hover=\u00bb|||\u00bb][et_pb_divider color=\u00bbrgba(255,255,255,0.31)\u00bb divider_style=\u00bbdashed\u00bb _builder_version=\u00bb4.0.5&#8243;][\/et_pb_divider][\/et_pb_column][\/et_pb_row][et_pb_row custom_padding_last_edited=\u00bbon|tablet\u00bb _builder_version=\u00bb3.25&#8243; max_width=\u00bb80%\u00bb custom_margin=\u00bb||\u00bb custom_padding=\u00bb||0||false|false\u00bb custom_padding_tablet=\u00bb||40px|0%\u00bb custom_padding_phone=\u00bb\u00bb use_custom_width=\u00bbon\u00bb width_unit=\u00bboff\u00bb][et_pb_column type=\u00bb4_4&#8243; _builder_version=\u00bb3.25&#8243; custom_padding=\u00bb|||\u00bb custom_padding__hover=\u00bb|||\u00bb][et_pb_text _builder_version=\u00bb4.0.5&#8243; text_font=\u00bb||||||||\u00bb header_font=\u00bbOswald|300||on|||||\u00bb header_font_size=\u00bb4vw\u00bb header_letter_spacing=\u00bb0.35em\u00bb header_line_height=\u00bb1.2em\u00bb header_2_font=\u00bb||||||||\u00bb header_3_font=\u00bbOswald|||on|||||\u00bb header_3_font_size=\u00bb12px\u00bb header_3_letter_spacing=\u00bb1.5em\u00bb header_3_line_height=\u00bb2.4em\u00bb background_layout=\u00bbdark\u00bb max_width=\u00bb80%\u00bb animation_style=\u00bbslide\u00bb animation_direction=\u00bbright\u00bb animation_duration=\u00bb2000ms\u00bb [&hellip;]<\/p>\n","protected":false},"author":1,"featured_media":0,"parent":0,"menu_order":0,"comment_status":"closed","ping_status":"closed","template":"","meta":{"_et_pb_use_builder":"on","_et_pb_old_content":"","_et_gb_content_width":""},"_links":{"self":[{"href":"https:\/\/centrofisioterapialuciagrana.com\/index.php?rest_route=\/wp\/v2\/pages\/68"}],"collection":[{"href":"https:\/\/centrofisioterapialuciagrana.com\/index.php?rest_route=\/wp\/v2\/pages"}],"about":[{"href":"https:\/\/centrofisioterapialuciagrana.com\/index.php?rest_route=\/wp\/v2\/types\/page"}],"author":[{"embeddable":true,"href":"https:\/\/centrofisioterapialuciagrana.com\/index.php?rest_route=\/wp\/v2\/users\/1"}],"replies":[{"embeddable":true,"href":"https:\/\/centrofisioterapialuciagrana.com\/index.php?rest_route=%2Fwp%2Fv2%2Fcomments&post=68"}],"version-history":[{"count":0,"href":"https:\/\/centrofisioterapialuciagrana.com\/index.php?rest_route=\/wp\/v2\/pages\/68\/revisions"}],"wp:attachment":[{"href":"https:\/\/centrofisioterapialuciagrana.com\/index.php?rest_route=%2Fwp%2Fv2%2Fmedia&parent=68"}],"curies":[{"name":"wp","href":"https:\/\/api.w.org\/{rel}","templated":true}]}}